{"id":2384,"date":"2019-03-11T20:00:34","date_gmt":"2019-03-11T20:00:34","guid":{"rendered":"https:\/\/pinturasyrecubrimientos.com.mx\/es\/?page_id=2384"},"modified":"2019-03-11T22:44:45","modified_gmt":"2019-03-11T22:44:45","slug":"ultra-proteccion-2","status":"publish","type":"page","link":"https:\/\/pinturasyrecubrimientos.com.mx\/es\/ultra-proteccion-2\/","title":{"rendered":"Ultra Protecci\u00f3n"},"content":{"rendered":"<p>[et_pb_section fb_built=\u00bb1&#8243; fullwidth=\u00bbon\u00bb _builder_version=\u00bb3.18.2&#8243; custom_padding=\u00bb0px|0px|1px|0px|false|false\u00bb][et_pb_fullwidth_slider _builder_version=\u00bb3.18.2&#8243; auto=\u00bbon\u00bb auto_ignore_hover=\u00bbon\u00bb][et_pb_slide heading=\u00bbEspecialistas en pinturas\u00bb _builder_version=\u00bb3.18.2&#8243; background_color=\u00bb#ffffff\u00bb background_image=\u00bbhttps:\/\/pinturasyrecubrimientos.com.mx\/es\/wp-content\/uploads\/2019\/01\/baner-pyrsa4.jpg\u00bb background_position=\u00bbtop_center\u00bb][\/et_pb_slide][et_pb_slide heading=\u00bbSurtimos a toda la rep\u00fablica\u00bb _builder_version=\u00bb3.18.2&#8243; background_color=\u00bb#ffffff\u00bb background_image=\u00bbhttps:\/\/pinturasyrecubrimientos.com.mx\/es\/wp-content\/uploads\/2019\/01\/baner-pyrsa2.jpg\u00bb][\/et_pb_slide][\/et_pb_fullwidth_slider][\/et_pb_section][et_pb_section fb_built=\u00bb1&#8243; _builder_version=\u00bb3.18.2&#8243; background_color=\u00bb#e02b20&#8243; custom_padding=\u00bb5px|0px|3px|0px|false|false\u00bb][et_pb_row custom_padding=\u00bb6px|0px|4px|0px|false|false\u00bb _builder_version=\u00bb3.18.2&#8243;][et_pb_column type=\u00bb4_4&#8243; _builder_version=\u00bb3.0.47&#8243; parallax=\u00bboff\u00bb parallax_method=\u00bbon\u00bb][et_pb_text _builder_version=\u00bb3.18.2&#8243;]<\/p>\n<h4><span style=\"color: #ffffff;\"><strong>Ultra-Protecci\u00f3n de Sherwin Williams<\/strong><\/span><\/h4>\n<p>[\/et_pb_text][\/et_pb_column][\/et_pb_row][\/et_pb_section][et_pb_section fb_built=\u00bb1&#8243; _builder_version=\u00bb3.18.2&#8243; custom_padding=\u00bb28px|0px|0|0px|false|false\u00bb][et_pb_row _builder_version=\u00bb3.19.7&#8243; use_custom_width=\u00bbon\u00bb custom_width_px=\u00bb1197px\u00bb custom_padding=\u00bb27px|0px|0|0px|false|false\u00bb][et_pb_column type=\u00bb4_4&#8243; _builder_version=\u00bb3.19.7&#8243; parallax=\u00bboff\u00bb parallax_method=\u00bbon\u00bb][et_pb_text _builder_version=\u00bb3.19.7&#8243; header_font=\u00bb||||||||\u00bb]<\/p>\n<h4 style=\"text-align: left;\"><strong>PARA SOLUCIONES APROBADAS DE RECUBRIMIENTOS QUE CUMPLEN CON LOS REQUISITOS DE DESEMPE\u00d1O Y EST\u00c9TICA<\/strong><\/h4>\n<p>No importa cu\u00e1l sea la estructura o sustrato que est\u00e1 recubriendo, la l\u00ednea de recubrimientos de alto desempe\u00f1o Ultra-Protecci\u00f3n de Sheerwim Williams aseguran una durabilidad excepcional y una est\u00e9tica perdurable. estas tecnolog\u00edas innovadoras se unen en una l\u00ednea de recubrimientos especialmente dise\u00f1ados para soportar las duras condiciones de los ambientes de la peque\u00f1a y mediana industria mexicana.<\/p>\n<p>[\/et_pb_text][\/et_pb_column][\/et_pb_row][\/et_pb_section][et_pb_section fb_built=\u00bb1&#8243; _builder_version=\u00bb3.19.7&#8243; custom_padding=\u00bb0|0px|0|0px|false|false\u00bb][et_pb_row use_custom_width=\u00bbon\u00bb custom_width_px=\u00bb1596px\u00bb animation_style=\u00bbfade\u00bb _builder_version=\u00bb3.19.7&#8243; custom_padding=\u00bb27px|0px|46px|0px|false|false\u00bb][et_pb_column type=\u00bb1_2&#8243; _builder_version=\u00bb3.19.7&#8243; parallax=\u00bboff\u00bb parallax_method=\u00bbon\u00bb][et_pb_text text_font_size=\u00bb45px\u00bb text_orientation=\u00bbcenter\u00bb _builder_version=\u00bb3.19.7&#8243; header_font=\u00bb||||||||\u00bb text_font=\u00bb||||||||\u00bb text_text_color=\u00bb#e02b20&#8243;]<\/p>\n<p><strong>PRODUCTOS<\/strong><\/p>\n<p>[\/et_pb_text][et_pb_image src=\u00bbhttps:\/\/pinturasyrecubrimientos.com.mx\/es\/wp-content\/uploads\/2019\/03\/producto-desempen\u0303o-tabla-1.jpg\u00bb _builder_version=\u00bb3.19.7&#8243; module_alignment=\u00bbcenter\u00bb custom_margin=\u00bb-30px||\u00bb][\/et_pb_image][\/et_pb_column][et_pb_column type=\u00bb1_2&#8243; _builder_version=\u00bb3.19.7&#8243; parallax=\u00bboff\u00bb parallax_method=\u00bbon\u00bb][et_pb_text text_font_size=\u00bb45px\u00bb text_orientation=\u00bbcenter\u00bb _builder_version=\u00bb3.19.7&#8243; header_font=\u00bb||||||||\u00bb text_font=\u00bb||||||||\u00bb text_text_color=\u00bb#e02b20&#8243;]<\/p>\n<p><b>DESEMPE\u00d1O<\/b><\/p>\n<p>[\/et_pb_text][et_pb_image src=\u00bbhttps:\/\/pinturasyrecubrimientos.com.mx\/es\/wp-content\/uploads\/2019\/03\/producto-desempen\u0303o-tabla2-1-1.jpg\u00bb _builder_version=\u00bb3.19.7&#8243; module_alignment=\u00bbcenter\u00bb custom_margin=\u00bb-20px||\u00bb][\/et_pb_image][\/et_pb_column][\/et_pb_row][et_pb_row use_custom_width=\u00bbon\u00bb custom_width_px=\u00bb1538px\u00bb animation_style=\u00bbfade\u00bb _builder_version=\u00bb3.19.7&#8243; custom_padding=\u00bb13px|0px|27px|0px|false|false\u00bb][et_pb_column type=\u00bb1_2&#8243; _builder_version=\u00bb3.19.7&#8243; parallax=\u00bboff\u00bb parallax_method=\u00bbon\u00bb][et_pb_text text_font_size=\u00bb45px\u00bb text_orientation=\u00bbcenter\u00bb _builder_version=\u00bb3.19.7&#8243; header_font=\u00bb||||||||\u00bb text_font=\u00bb||||||||\u00bb text_text_color=\u00bb#e02b20&#8243;]<\/p>\n<p style=\"text-align: center;\"><b>ESPECIFICACI\u00d3N<\/b><\/p>\n<p>[\/et_pb_text][et_pb_image max_width=\u00bb75%\u00bb src=\u00bbhttps:\/\/pinturasyrecubrimientos.com.mx\/es\/wp-content\/uploads\/2019\/03\/especificacion-tabla1-.jpg\u00bb _builder_version=\u00bb3.19.7&#8243; module_alignment=\u00bbcenter\u00bb custom_margin=\u00bb-20px||\u00bb][\/et_pb_image][\/et_pb_column][et_pb_column type=\u00bb1_2&#8243; _builder_version=\u00bb3.19.7&#8243; parallax=\u00bboff\u00bb parallax_method=\u00bbon\u00bb][et_pb_image max_width=\u00bb75%\u00bb src=\u00bbhttps:\/\/pinturasyrecubrimientos.com.mx\/es\/wp-content\/uploads\/2019\/03\/especificacion-tabla2-.jpg\u00bb _builder_version=\u00bb3.19.7&#8243; module_alignment=\u00bbcenter\u00bb custom_margin=\u00bb45px||\u00bb][\/et_pb_image][\/et_pb_column][\/et_pb_row][et_pb_row use_custom_width=\u00bbon\u00bb custom_width_px=\u00bb1538px\u00bb animation_style=\u00bbfade\u00bb _builder_version=\u00bb3.19.7&#8243; custom_padding=\u00bb13px|0px|27px|0px|false|false\u00bb][et_pb_column type=\u00bb1_2&#8243; _builder_version=\u00bb3.19.7&#8243; parallax=\u00bboff\u00bb parallax_method=\u00bbon\u00bb][et_pb_image max_width=\u00bb75%\u00bb src=\u00bbhttps:\/\/pinturasyrecubrimientos.com.mx\/es\/wp-content\/uploads\/2019\/03\/especificacion-tabla3-.jpg\u00bb _builder_version=\u00bb3.19.7&#8243; module_alignment=\u00bbcenter\u00bb custom_margin=\u00bb-20px||\u00bb][\/et_pb_image][\/et_pb_column][et_pb_column type=\u00bb1_2&#8243; _builder_version=\u00bb3.19.7&#8243; parallax=\u00bboff\u00bb parallax_method=\u00bbon\u00bb][\/et_pb_column][\/et_pb_row][\/et_pb_section]<\/p>\n","protected":false},"excerpt":{"rendered":"<p>[et_pb_section fb_built=\u00bb1&#8243; fullwidth=\u00bbon\u00bb _builder_version=\u00bb3.18.2&#8243; custom_padding=\u00bb0px|0px|1px|0px|false|false\u00bb][et_pb_fullwidth_slider _builder_version=\u00bb3.18.2&#8243; auto=\u00bbon\u00bb auto_ignore_hover=\u00bbon\u00bb][et_pb_slide heading=\u00bbEspecialistas en pinturas\u00bb _builder_version=\u00bb3.18.2&#8243; background_color=\u00bb#ffffff\u00bb background_image=\u00bbhttps:\/\/pinturasyrecubrimientos.com.mx\/es\/wp-content\/uploads\/2019\/01\/baner-pyrsa4.jpg\u00bb background_position=\u00bbtop_center\u00bb][\/et_pb_slide][et_pb_slide heading=\u00bbSurtimos a toda la rep\u00fablica\u00bb _builder_version=\u00bb3.18.2&#8243; background_color=\u00bb#ffffff\u00bb background_image=\u00bbhttps:\/\/pinturasyrecubrimientos.com.mx\/es\/wp-content\/uploads\/2019\/01\/baner-pyrsa2.jpg\u00bb][\/et_pb_slide][\/et_pb_fullwidth_slider][\/et_pb_section][et_pb_section fb_built=\u00bb1&#8243; _builder_version=\u00bb3.18.2&#8243; background_color=\u00bb#e02b20&#8243; custom_padding=\u00bb5px|0px|3px|0px|false|false\u00bb][et_pb_row custom_padding=\u00bb6px|0px|4px|0px|false|false\u00bb _builder_version=\u00bb3.18.2&#8243;][et_pb_column type=\u00bb4_4&#8243; _builder_version=\u00bb3.0.47&#8243; parallax=\u00bboff\u00bb parallax_method=\u00bbon\u00bb][et_pb_text _builder_version=\u00bb3.18.2&#8243;] Ultra-Protecci\u00f3n de Sherwin Williams [\/et_pb_text][\/et_pb_column][\/et_pb_row][\/et_pb_section][et_pb_section fb_built=\u00bb1&#8243; _builder_version=\u00bb3.18.2&#8243; custom_padding=\u00bb28px|0px|0|0px|false|false\u00bb][et_pb_row _builder_version=\u00bb3.19.7&#8243; use_custom_width=\u00bbon\u00bb custom_width_px=\u00bb1197px\u00bb custom_padding=\u00bb27px|0px|0|0px|false|false\u00bb][et_pb_column type=\u00bb4_4&#8243; _builder_version=\u00bb3.19.7&#8243; parallax=\u00bboff\u00bb parallax_method=\u00bbon\u00bb][et_pb_text _builder_version=\u00bb3.19.7&#8243; header_font=\u00bb||||||||\u00bb] PARA SOLUCIONES APROBADAS [&hellip;]<\/p>\n","protected":false},"author":1,"featured_media":0,"parent":0,"menu_order":0,"comment_status":"closed","ping_status":"closed","template":"","meta":{"_et_pb_use_builder":"on","_et_pb_old_content":"","footnotes":""},"class_list":["post-2384","page","type-page","status-publish","hentry"],"_links":{"self":[{"href":"https:\/\/pinturasyrecubrimientos.com.mx\/es\/wp-json\/wp\/v2\/pages\/2384","targetHints":{"allow":["GET"]}}],"collection":[{"href":"https:\/\/pinturasyrecubrimientos.com.mx\/es\/wp-json\/wp\/v2\/pages"}],"about":[{"href":"https:\/\/pinturasyrecubrimientos.com.mx\/es\/wp-json\/wp\/v2\/types\/page"}],"author":[{"embeddable":true,"href":"https:\/\/pinturasyrecubrimientos.com.mx\/es\/wp-json\/wp\/v2\/users\/1"}],"replies":[{"embeddable":true,"href":"https:\/\/pinturasyrecubrimientos.com.mx\/es\/wp-json\/wp\/v2\/comments?post=2384"}],"version-history":[{"count":14,"href":"https:\/\/pinturasyrecubrimientos.com.mx\/es\/wp-json\/wp\/v2\/pages\/2384\/revisions"}],"predecessor-version":[{"id":2417,"href":"https:\/\/pinturasyrecubrimientos.com.mx\/es\/wp-json\/wp\/v2\/pages\/2384\/revisions\/2417"}],"wp:attachment":[{"href":"https:\/\/pinturasyrecubrimientos.com.mx\/es\/wp-json\/wp\/v2\/media?parent=2384"}],"curies":[{"name":"wp","href":"https:\/\/api.w.org\/{rel}","templated":true}]}}