{"id":2362,"date":"2019-03-08T19:01:53","date_gmt":"2019-03-08T19:01:53","guid":{"rendered":"https:\/\/pinturasyrecubrimientos.com.mx\/es\/?page_id=2362"},"modified":"2019-03-08T19:38:36","modified_gmt":"2019-03-08T19:38:36","slug":"vivienda-interes-social","status":"publish","type":"page","link":"https:\/\/pinturasyrecubrimientos.com.mx\/es\/vivienda-interes-social\/","title":{"rendered":"Vivienda Inter\u00e9s Social"},"content":{"rendered":"<p>[et_pb_section fb_built=\u00bb1&#8243; fullwidth=\u00bbon\u00bb _builder_version=\u00bb3.18.2&#8243; custom_padding=\u00bb0px|0px|1px|0px|false|false\u00bb][et_pb_fullwidth_slider _builder_version=\u00bb3.18.2&#8243; auto=\u00bbon\u00bb auto_ignore_hover=\u00bbon\u00bb][et_pb_slide heading=\u00bbEspecialistas en pinturas\u00bb _builder_version=\u00bb3.18.2&#8243; background_color=\u00bb#ffffff\u00bb background_image=\u00bbhttps:\/\/pinturasyrecubrimientos.com.mx\/es\/wp-content\/uploads\/2019\/01\/baner-pyrsa4.jpg\u00bb background_position=\u00bbtop_center\u00bb][\/et_pb_slide][et_pb_slide heading=\u00bbSurtimos a toda la rep\u00fablica\u00bb _builder_version=\u00bb3.18.2&#8243; background_color=\u00bb#ffffff\u00bb background_image=\u00bbhttps:\/\/pinturasyrecubrimientos.com.mx\/es\/wp-content\/uploads\/2019\/01\/baner-pyrsa2.jpg\u00bb][\/et_pb_slide][\/et_pb_fullwidth_slider][\/et_pb_section][et_pb_section fb_built=\u00bb1&#8243; _builder_version=\u00bb3.18.2&#8243; background_color=\u00bb#e02b20&#8243; custom_padding=\u00bb5px|0px|3px|0px|false|false\u00bb][et_pb_row custom_padding=\u00bb6px|0px|4px|0px|false|false\u00bb _builder_version=\u00bb3.18.2&#8243;][et_pb_column type=\u00bb4_4&#8243; _builder_version=\u00bb3.0.47&#8243; parallax=\u00bboff\u00bb parallax_method=\u00bbon\u00bb][et_pb_text _builder_version=\u00bb3.18.2&#8243;]<\/p>\n<h4><span style=\"color: #ffffff;\"><strong>APLICACIONES: Nueva Vivienda<\/strong><\/span><\/h4>\n<p>[\/et_pb_text][\/et_pb_column][\/et_pb_row][\/et_pb_section][et_pb_section fb_built=\u00bb1&#8243; _builder_version=\u00bb3.18.2&#8243; custom_padding=\u00bb28px|0px|0|0px|false|false\u00bb][et_pb_row use_custom_width=\u00bbon\u00bb custom_width_px=\u00bb1232px\u00bb custom_padding=\u00bb0|0px|27px|0px|false|false\u00bb _builder_version=\u00bb3.19.7&#8243;][et_pb_column type=\u00bb4_4&#8243; _builder_version=\u00bb3.0.47&#8243; parallax=\u00bboff\u00bb parallax_method=\u00bbon\u00bb][et_pb_text _builder_version=\u00bb3.19.7&#8243; text_font=\u00bb||||||||\u00bb text_font_size=\u00bb23px\u00bb]<\/p>\n<p><strong>VIVIENDA INTER\u00c9S SOCIAL<\/strong><\/p>\n<p>[\/et_pb_text][\/et_pb_column][\/et_pb_row][et_pb_row use_custom_width=\u00bbon\u00bb custom_width_px=\u00bb1232px\u00bb custom_padding=\u00bb0|0px|27px|0px|false|false\u00bb _builder_version=\u00bb3.19.7&#8243;][et_pb_column type=\u00bb4_4&#8243; _builder_version=\u00bb3.0.47&#8243; parallax=\u00bboff\u00bb parallax_method=\u00bbon\u00bb][et_pb_text _builder_version=\u00bb3.19.7&#8243;]<\/p>\n<p>Nuestro sistema The-Color, satisface las necesidades de color de los decoradores m\u00e1s exigentes pues permite lograr m\u00e1s de 1,000 colores tanto en acabados mate, satinados o brillantes, y cada uno de ellos puede ser reproducido fielmente en todas nuestras tiendas en la Rep\u00fablica Mexicana.<\/p>\n<p>[\/et_pb_text][\/et_pb_column][\/et_pb_row][et_pb_row use_custom_width=\u00bbon\u00bb custom_width_px=\u00bb1232px\u00bb custom_padding=\u00bb0|0px|27px|0px|false|false\u00bb _builder_version=\u00bb3.19.7&#8243;][et_pb_column type=\u00bb3_5&#8243; _builder_version=\u00bb3.0.47&#8243; parallax=\u00bboff\u00bb parallax_method=\u00bbon\u00bb][et_pb_image src=\u00bbhttps:\/\/pinturasyrecubrimientos.com.mx\/es\/wp-content\/uploads\/2019\/03\/vivienda.jpg\u00bb _builder_version=\u00bb3.19.7&#8243;][\/et_pb_image][\/et_pb_column][et_pb_column type=\u00bb2_5&#8243; _builder_version=\u00bb3.0.47&#8243; parallax=\u00bboff\u00bb parallax_method=\u00bbon\u00bb][et_pb_text _builder_version=\u00bb3.19.7&#8243; text_font=\u00bb||||||||\u00bb text_font_size=\u00bb15px\u00bb]<\/p>\n<p style=\"text-align: justify;\">La vivienda es uno de los lugares en los que los seres humos pasan gran parte de su tiempo, por esta raz\u00f3n es de gran importancia mantener su apariencia y acondicionamiento en las mejores condiciones.<\/p>\n<p style=\"text-align: justify;\">\u00a0El sistema conformado por el sellador <strong>EXTERIOR PRIME Incrementa el poder cubriente<\/strong> y el acabado <strong>ESMALTE DILUIBLE EN AGUA<\/strong> es un sistema muy vers\u00e1til debido a las diferente aplicaciones\u00a0 y ventajas que brinda como es, el poder ser aplicado sobre madera, muros y cielos de ba\u00f1os y cocinas ya que son \u00e1reas que tienden a mancharse gran facilidad. Disponible en tonos pasteles.<\/p>\n<p>[\/et_pb_text][\/et_pb_column][\/et_pb_row][\/et_pb_section][et_pb_section fb_built=\u00bb1&#8243; _builder_version=\u00bb3.19.7&#8243; custom_padding=\u00bb0|0px|54px|0px|false|false\u00bb][et_pb_row use_custom_width=\u00bbon\u00bb custom_width_px=\u00bb1232px\u00bb _builder_version=\u00bb3.19.7&#8243;][et_pb_column type=\u00bb1_4&#8243; _builder_version=\u00bb3.0.47&#8243; parallax=\u00bboff\u00bb parallax_method=\u00bbon\u00bb][et_pb_image src=\u00bbhttps:\/\/pinturasyrecubrimientos.com.mx\/es\/wp-content\/uploads\/2019\/03\/vivienda2.jpg\u00bb _builder_version=\u00bb3.19.7&#8243;][\/et_pb_image][\/et_pb_column][et_pb_column type=\u00bb1_4&#8243; _builder_version=\u00bb3.0.47&#8243; parallax=\u00bboff\u00bb parallax_method=\u00bbon\u00bb][et_pb_text _builder_version=\u00bb3.19.7&#8243;]<\/p>\n<p style=\"text-align: justify;\">EXTERIORES<\/p>\n<p style=\"text-align: justify;\">Sistema sellador <strong>EXTERIOR PRIME Incrementa el Poder Cubriente<\/strong> y el acabado la pintura vin\u00edlica <strong>EVOLUCI\u00d3N Extra Rendimiento<\/strong>.<\/p>\n<p style=\"text-align: justify;\">Presenta la combinaci\u00f3n exacta entre precio y rendimiento. Disponible en tonos pastel y vivos.<\/p>\n<p>[\/et_pb_text][\/et_pb_column][et_pb_column type=\u00bb1_4&#8243; _builder_version=\u00bb3.0.47&#8243; parallax=\u00bboff\u00bb parallax_method=\u00bbon\u00bb][et_pb_image src=\u00bbhttps:\/\/pinturasyrecubrimientos.com.mx\/es\/wp-content\/uploads\/2019\/03\/vivienda3.jpg\u00bb _builder_version=\u00bb3.19.7&#8243;][\/et_pb_image][\/et_pb_column][et_pb_column type=\u00bb1_4&#8243; _builder_version=\u00bb3.0.47&#8243; parallax=\u00bboff\u00bb parallax_method=\u00bbon\u00bb][et_pb_text _builder_version=\u00bb3.19.7&#8243;]<\/p>\n<p style=\"text-align: justify;\">INTERIORES<\/p>\n<p style=\"text-align: justify;\">Sistema sellador <strong>COLOR PRIME Incrementa el Poder Cubriente<\/strong> y el acabado la pintura vin\u00edlica EVOLUCI\u00d3N Extra Rendimiento. Presenta la combinaci\u00f3n entre precios y rendimiento. Disponible en tonos pastel y vivos.<\/p>\n<p>[\/et_pb_text][\/et_pb_column][\/et_pb_row][\/et_pb_section]<\/p>\n","protected":false},"excerpt":{"rendered":"<p>[et_pb_section fb_built=\u00bb1&#8243; fullwidth=\u00bbon\u00bb _builder_version=\u00bb3.18.2&#8243; custom_padding=\u00bb0px|0px|1px|0px|false|false\u00bb][et_pb_fullwidth_slider _builder_version=\u00bb3.18.2&#8243; auto=\u00bbon\u00bb auto_ignore_hover=\u00bbon\u00bb][et_pb_slide heading=\u00bbEspecialistas en pinturas\u00bb _builder_version=\u00bb3.18.2&#8243; background_color=\u00bb#ffffff\u00bb background_image=\u00bbhttps:\/\/pinturasyrecubrimientos.com.mx\/es\/wp-content\/uploads\/2019\/01\/baner-pyrsa4.jpg\u00bb background_position=\u00bbtop_center\u00bb][\/et_pb_slide][et_pb_slide heading=\u00bbSurtimos a toda la rep\u00fablica\u00bb _builder_version=\u00bb3.18.2&#8243; background_color=\u00bb#ffffff\u00bb background_image=\u00bbhttps:\/\/pinturasyrecubrimientos.com.mx\/es\/wp-content\/uploads\/2019\/01\/baner-pyrsa2.jpg\u00bb][\/et_pb_slide][\/et_pb_fullwidth_slider][\/et_pb_section][et_pb_section fb_built=\u00bb1&#8243; _builder_version=\u00bb3.18.2&#8243; background_color=\u00bb#e02b20&#8243; custom_padding=\u00bb5px|0px|3px|0px|false|false\u00bb][et_pb_row custom_padding=\u00bb6px|0px|4px|0px|false|false\u00bb _builder_version=\u00bb3.18.2&#8243;][et_pb_column type=\u00bb4_4&#8243; _builder_version=\u00bb3.0.47&#8243; parallax=\u00bboff\u00bb parallax_method=\u00bbon\u00bb][et_pb_text _builder_version=\u00bb3.18.2&#8243;] APLICACIONES: Nueva Vivienda [\/et_pb_text][\/et_pb_column][\/et_pb_row][\/et_pb_section][et_pb_section fb_built=\u00bb1&#8243; _builder_version=\u00bb3.18.2&#8243; custom_padding=\u00bb28px|0px|0|0px|false|false\u00bb][et_pb_row use_custom_width=\u00bbon\u00bb custom_width_px=\u00bb1232px\u00bb custom_padding=\u00bb0|0px|27px|0px|false|false\u00bb _builder_version=\u00bb3.19.7&#8243;][et_pb_column type=\u00bb4_4&#8243; _builder_version=\u00bb3.0.47&#8243; parallax=\u00bboff\u00bb parallax_method=\u00bbon\u00bb][et_pb_text _builder_version=\u00bb3.19.7&#8243; text_font=\u00bb||||||||\u00bb text_font_size=\u00bb23px\u00bb] VIVIENDA INTER\u00c9S SOCIAL [&hellip;]<\/p>\n","protected":false},"author":1,"featured_media":0,"parent":0,"menu_order":0,"comment_status":"closed","ping_status":"closed","template":"","meta":{"_et_pb_use_builder":"on","_et_pb_old_content":"","footnotes":""},"class_list":["post-2362","page","type-page","status-publish","hentry"],"_links":{"self":[{"href":"https:\/\/pinturasyrecubrimientos.com.mx\/es\/wp-json\/wp\/v2\/pages\/2362","targetHints":{"allow":["GET"]}}],"collection":[{"href":"https:\/\/pinturasyrecubrimientos.com.mx\/es\/wp-json\/wp\/v2\/pages"}],"about":[{"href":"https:\/\/pinturasyrecubrimientos.com.mx\/es\/wp-json\/wp\/v2\/types\/page"}],"author":[{"embeddable":true,"href":"https:\/\/pinturasyrecubrimientos.com.mx\/es\/wp-json\/wp\/v2\/users\/1"}],"replies":[{"embeddable":true,"href":"https:\/\/pinturasyrecubrimientos.com.mx\/es\/wp-json\/wp\/v2\/comments?post=2362"}],"version-history":[{"count":7,"href":"https:\/\/pinturasyrecubrimientos.com.mx\/es\/wp-json\/wp\/v2\/pages\/2362\/revisions"}],"predecessor-version":[{"id":2376,"href":"https:\/\/pinturasyrecubrimientos.com.mx\/es\/wp-json\/wp\/v2\/pages\/2362\/revisions\/2376"}],"wp:attachment":[{"href":"https:\/\/pinturasyrecubrimientos.com.mx\/es\/wp-json\/wp\/v2\/media?parent=2362"}],"curies":[{"name":"wp","href":"https:\/\/api.w.org\/{rel}","templated":true}]}}