{"id":2271,"date":"2019-03-06T23:38:36","date_gmt":"2019-03-06T23:38:36","guid":{"rendered":"https:\/\/pinturasyrecubrimientos.com.mx\/es\/?page_id=2271"},"modified":"2019-03-06T23:56:01","modified_gmt":"2019-03-06T23:56:01","slug":"escuelas","status":"publish","type":"page","link":"https:\/\/pinturasyrecubrimientos.com.mx\/es\/escuelas\/","title":{"rendered":"Escuelas"},"content":{"rendered":"<p>[et_pb_section fb_built=\u00bb1&#8243; fullwidth=\u00bbon\u00bb _builder_version=\u00bb3.18.2&#8243; custom_padding=\u00bb0px|0px|1px|0px|false|false\u00bb][et_pb_fullwidth_slider _builder_version=\u00bb3.18.2&#8243; auto=\u00bbon\u00bb auto_ignore_hover=\u00bbon\u00bb][et_pb_slide heading=\u00bbEspecialistas en pinturas\u00bb _builder_version=\u00bb3.18.2&#8243; background_color=\u00bb#ffffff\u00bb background_image=\u00bbhttps:\/\/pinturasyrecubrimientos.com.mx\/es\/wp-content\/uploads\/2019\/01\/baner-pyrsa4.jpg\u00bb background_position=\u00bbtop_center\u00bb][\/et_pb_slide][et_pb_slide heading=\u00bbSurtimos a toda la rep\u00fablica\u00bb _builder_version=\u00bb3.18.2&#8243; background_color=\u00bb#ffffff\u00bb background_image=\u00bbhttps:\/\/pinturasyrecubrimientos.com.mx\/es\/wp-content\/uploads\/2019\/01\/baner-pyrsa2.jpg\u00bb][\/et_pb_slide][\/et_pb_fullwidth_slider][\/et_pb_section][et_pb_section fb_built=\u00bb1&#8243; _builder_version=\u00bb3.18.2&#8243; background_color=\u00bb#e02b20&#8243; custom_padding=\u00bb5px|0px|3px|0px|false|false\u00bb][et_pb_row custom_padding=\u00bb6px|0px|4px|0px|false|false\u00bb _builder_version=\u00bb3.18.2&#8243;][et_pb_column type=\u00bb4_4&#8243; _builder_version=\u00bb3.0.47&#8243; parallax=\u00bboff\u00bb parallax_method=\u00bbon\u00bb][et_pb_text _builder_version=\u00bb3.18.2&#8243;]<\/p>\n<h4><span style=\"color: #ffffff;\"><strong>APLICACIONES: Mantenimiento de Propiedades<\/strong><\/span><\/h4>\n<p>[\/et_pb_text][\/et_pb_column][\/et_pb_row][\/et_pb_section][et_pb_section fb_built=\u00bb1&#8243; _builder_version=\u00bb3.18.2&#8243; custom_padding=\u00bb28px|0px|0|0px|false|false\u00bb][et_pb_row use_custom_width=\u00bbon\u00bb custom_width_px=\u00bb1232px\u00bb custom_padding=\u00bb0|0px|27px|0px|false|false\u00bb _builder_version=\u00bb3.19.7&#8243;][et_pb_column type=\u00bb4_4&#8243; _builder_version=\u00bb3.0.47&#8243; parallax=\u00bboff\u00bb parallax_method=\u00bbon\u00bb][et_pb_text _builder_version=\u00bb3.19.7&#8243; text_font=\u00bb||||||||\u00bb text_font_size=\u00bb23px\u00bb]<\/p>\n<p><strong>ESCUELAS<\/strong><\/p>\n<p>[\/et_pb_text][\/et_pb_column][\/et_pb_row][et_pb_row use_custom_width=\u00bbon\u00bb custom_width_px=\u00bb1232px\u00bb custom_padding=\u00bb0|0px|27px|0px|false|false\u00bb _builder_version=\u00bb3.19.7&#8243;][et_pb_column type=\u00bb3_5&#8243; _builder_version=\u00bb3.0.47&#8243; parallax=\u00bboff\u00bb parallax_method=\u00bbon\u00bb][et_pb_image src=\u00bbhttps:\/\/pinturasyrecubrimientos.com.mx\/es\/wp-content\/uploads\/2019\/03\/escuelas.jpg\u00bb _builder_version=\u00bb3.19.7&#8243;][\/et_pb_image][\/et_pb_column][et_pb_column type=\u00bb2_5&#8243; _builder_version=\u00bb3.0.47&#8243; parallax=\u00bboff\u00bb parallax_method=\u00bbon\u00bb][et_pb_text _builder_version=\u00bb3.19.7&#8243; text_font=\u00bb||||||||\u00bb text_font_size=\u00bb15px\u00bb]<\/p>\n<p style=\"text-align: justify;\">En M\u00e9xico existen miles de Escuelas de todos los niveles las cuales est\u00e1n equipadas con gimnasios, laboratorios, \u00e1reas comunes, canchas de b\u00e1squetbol, front\u00f3n y tenis. Estos planteles deben proyectar una excelente imagen.<\/p>\n<p style=\"text-align: justify;\">Nuestro sistema The-Color, satisface las necesidades de color de los decoradores m\u00e1s exigentes pues permite lograr m\u00e1s de 1,000 colores tanto en acabados mate, satinados o brillantes, y cada uno de ellos puede ser reproducido fielmente en todas nuestras tiendas en la Rep\u00fablica Mexicana.<\/p>\n<p>&nbsp;<\/p>\n<p>[\/et_pb_text][\/et_pb_column][\/et_pb_row][\/et_pb_section][et_pb_section fb_built=\u00bb1&#8243; _builder_version=\u00bb3.19.7&#8243; custom_padding=\u00bb0|0px|54px|0px|false|false\u00bb][et_pb_row use_custom_width=\u00bbon\u00bb custom_width_px=\u00bb1232px\u00bb _builder_version=\u00bb3.19.7&#8243;][et_pb_column type=\u00bb1_3&#8243; _builder_version=\u00bb3.0.47&#8243; parallax=\u00bboff\u00bb parallax_method=\u00bbon\u00bb][et_pb_text _builder_version=\u00bb3.19.7&#8243;]<\/p>\n<p style=\"text-align: justify;\">Para los interiores y exteriores de las escuelas recomendamos en el sistema formado por el sellador <strong>EXTERIOR PRIME Incrementa el Poder Cubriente<\/strong> y la pintura vinil acr\u00edlica <strong>KEM TONE Acabado Perfecto<\/strong>. Con este sistema usted puede obtener grandes ventajas tales como alta resistencia a sustratos alcalinos, un alto desempe\u00f1o y gran durabilidad en el acabado final, es un sistema f\u00e1cil y que tiene una amplia gama de colores.<\/p>\n<p>[\/et_pb_text][\/et_pb_column][et_pb_column type=\u00bb1_3&#8243; _builder_version=\u00bb3.0.47&#8243; parallax=\u00bboff\u00bb parallax_method=\u00bbon\u00bb][et_pb_image src=\u00bbhttps:\/\/pinturasyrecubrimientos.com.mx\/es\/wp-content\/uploads\/2019\/01\/pinturas-vinil-acrilica-KEM\u00adTONE-ACABADO-PERFECTO-BASE-PASTEL-SATIN-bis.jpg\u00bb _builder_version=\u00bb3.19.7&#8243;][\/et_pb_image][\/et_pb_column][et_pb_column type=\u00bb1_3&#8243; _builder_version=\u00bb3.0.47&#8243; parallax=\u00bboff\u00bb parallax_method=\u00bbon\u00bb][et_pb_image src=\u00bbhttps:\/\/pinturasyrecubrimientos.com.mx\/es\/wp-content\/uploads\/2019\/03\/escuelas2.jpg\u00bb _builder_version=\u00bb3.19.7&#8243;][\/et_pb_image][\/et_pb_column][\/et_pb_row][\/et_pb_section]<\/p>\n","protected":false},"excerpt":{"rendered":"<p>[et_pb_section fb_built=\u00bb1&#8243; fullwidth=\u00bbon\u00bb _builder_version=\u00bb3.18.2&#8243; custom_padding=\u00bb0px|0px|1px|0px|false|false\u00bb][et_pb_fullwidth_slider _builder_version=\u00bb3.18.2&#8243; auto=\u00bbon\u00bb auto_ignore_hover=\u00bbon\u00bb][et_pb_slide heading=\u00bbEspecialistas en pinturas\u00bb _builder_version=\u00bb3.18.2&#8243; background_color=\u00bb#ffffff\u00bb background_image=\u00bbhttps:\/\/pinturasyrecubrimientos.com.mx\/es\/wp-content\/uploads\/2019\/01\/baner-pyrsa4.jpg\u00bb background_position=\u00bbtop_center\u00bb][\/et_pb_slide][et_pb_slide heading=\u00bbSurtimos a toda la rep\u00fablica\u00bb _builder_version=\u00bb3.18.2&#8243; background_color=\u00bb#ffffff\u00bb background_image=\u00bbhttps:\/\/pinturasyrecubrimientos.com.mx\/es\/wp-content\/uploads\/2019\/01\/baner-pyrsa2.jpg\u00bb][\/et_pb_slide][\/et_pb_fullwidth_slider][\/et_pb_section][et_pb_section fb_built=\u00bb1&#8243; _builder_version=\u00bb3.18.2&#8243; background_color=\u00bb#e02b20&#8243; custom_padding=\u00bb5px|0px|3px|0px|false|false\u00bb][et_pb_row custom_padding=\u00bb6px|0px|4px|0px|false|false\u00bb _builder_version=\u00bb3.18.2&#8243;][et_pb_column type=\u00bb4_4&#8243; _builder_version=\u00bb3.0.47&#8243; parallax=\u00bboff\u00bb parallax_method=\u00bbon\u00bb][et_pb_text _builder_version=\u00bb3.18.2&#8243;] APLICACIONES: Mantenimiento de Propiedades [\/et_pb_text][\/et_pb_column][\/et_pb_row][\/et_pb_section][et_pb_section fb_built=\u00bb1&#8243; _builder_version=\u00bb3.18.2&#8243; custom_padding=\u00bb28px|0px|0|0px|false|false\u00bb][et_pb_row use_custom_width=\u00bbon\u00bb custom_width_px=\u00bb1232px\u00bb custom_padding=\u00bb0|0px|27px|0px|false|false\u00bb _builder_version=\u00bb3.19.7&#8243;][et_pb_column type=\u00bb4_4&#8243; _builder_version=\u00bb3.0.47&#8243; parallax=\u00bboff\u00bb parallax_method=\u00bbon\u00bb][et_pb_text _builder_version=\u00bb3.19.7&#8243; text_font=\u00bb||||||||\u00bb text_font_size=\u00bb23px\u00bb] ESCUELAS [\/et_pb_text][\/et_pb_column][\/et_pb_row][et_pb_row [&hellip;]<\/p>\n","protected":false},"author":1,"featured_media":0,"parent":0,"menu_order":0,"comment_status":"closed","ping_status":"closed","template":"","meta":{"_et_pb_use_builder":"on","_et_pb_old_content":"","footnotes":""},"class_list":["post-2271","page","type-page","status-publish","hentry"],"_links":{"self":[{"href":"https:\/\/pinturasyrecubrimientos.com.mx\/es\/wp-json\/wp\/v2\/pages\/2271","targetHints":{"allow":["GET"]}}],"collection":[{"href":"https:\/\/pinturasyrecubrimientos.com.mx\/es\/wp-json\/wp\/v2\/pages"}],"about":[{"href":"https:\/\/pinturasyrecubrimientos.com.mx\/es\/wp-json\/wp\/v2\/types\/page"}],"author":[{"embeddable":true,"href":"https:\/\/pinturasyrecubrimientos.com.mx\/es\/wp-json\/wp\/v2\/users\/1"}],"replies":[{"embeddable":true,"href":"https:\/\/pinturasyrecubrimientos.com.mx\/es\/wp-json\/wp\/v2\/comments?post=2271"}],"version-history":[{"count":6,"href":"https:\/\/pinturasyrecubrimientos.com.mx\/es\/wp-json\/wp\/v2\/pages\/2271\/revisions"}],"predecessor-version":[{"id":2282,"href":"https:\/\/pinturasyrecubrimientos.com.mx\/es\/wp-json\/wp\/v2\/pages\/2271\/revisions\/2282"}],"wp:attachment":[{"href":"https:\/\/pinturasyrecubrimientos.com.mx\/es\/wp-json\/wp\/v2\/media?parent=2271"}],"curies":[{"name":"wp","href":"https:\/\/api.w.org\/{rel}","templated":true}]}}