{"id":2221,"date":"2019-03-06T18:10:28","date_gmt":"2019-03-06T18:10:28","guid":{"rendered":"https:\/\/pinturasyrecubrimientos.com.mx\/es\/?page_id=2221"},"modified":"2019-03-12T23:25:54","modified_gmt":"2019-03-12T23:25:54","slug":"clubs-deportivos","status":"publish","type":"page","link":"https:\/\/pinturasyrecubrimientos.com.mx\/es\/clubs-deportivos\/","title":{"rendered":"Clubs Deportivos"},"content":{"rendered":"<p>[et_pb_section fb_built=\u00bb1&#8243; fullwidth=\u00bbon\u00bb _builder_version=\u00bb3.18.2&#8243; custom_padding=\u00bb0px|0px|1px|0px|false|false\u00bb][et_pb_fullwidth_slider _builder_version=\u00bb3.18.2&#8243; auto=\u00bbon\u00bb auto_ignore_hover=\u00bbon\u00bb][et_pb_slide heading=\u00bbEspecialistas en pinturas\u00bb _builder_version=\u00bb3.18.2&#8243; background_color=\u00bb#ffffff\u00bb background_image=\u00bbhttps:\/\/pinturasyrecubrimientos.com.mx\/es\/wp-content\/uploads\/2019\/01\/baner-pyrsa4.jpg\u00bb background_position=\u00bbtop_center\u00bb][\/et_pb_slide][et_pb_slide heading=\u00bbSurtimos a toda la rep\u00fablica\u00bb _builder_version=\u00bb3.18.2&#8243; background_color=\u00bb#ffffff\u00bb background_image=\u00bbhttps:\/\/pinturasyrecubrimientos.com.mx\/es\/wp-content\/uploads\/2019\/01\/baner-pyrsa2.jpg\u00bb][\/et_pb_slide][\/et_pb_fullwidth_slider][\/et_pb_section][et_pb_section fb_built=\u00bb1&#8243; _builder_version=\u00bb3.18.2&#8243; background_color=\u00bb#e02b20&#8243; custom_padding=\u00bb5px|0px|3px|0px|false|false\u00bb][et_pb_row custom_padding=\u00bb6px|0px|4px|0px|false|false\u00bb _builder_version=\u00bb3.18.2&#8243;][et_pb_column type=\u00bb4_4&#8243; _builder_version=\u00bb3.0.47&#8243; parallax=\u00bboff\u00bb parallax_method=\u00bbon\u00bb][et_pb_text _builder_version=\u00bb3.18.2&#8243;]<\/p>\n<h4><span style=\"color: #ffffff;\"><strong>APLICACIONES: Mantenimiento de Propiedades<\/strong><\/span><\/h4>\n<p>[\/et_pb_text][\/et_pb_column][\/et_pb_row][\/et_pb_section][et_pb_section fb_built=\u00bb1&#8243; _builder_version=\u00bb3.18.2&#8243; custom_padding=\u00bb28px|0px|0|0px|false|false\u00bb][et_pb_row use_custom_width=\u00bbon\u00bb custom_width_px=\u00bb1232px\u00bb custom_padding=\u00bb0|0px|27px|0px|false|false\u00bb _builder_version=\u00bb3.19.7&#8243;][et_pb_column type=\u00bb4_4&#8243; _builder_version=\u00bb3.0.47&#8243; parallax=\u00bboff\u00bb parallax_method=\u00bbon\u00bb][et_pb_text _builder_version=\u00bb3.19.7&#8243; text_font=\u00bb||||||||\u00bb text_font_size=\u00bb23px\u00bb]<\/p>\n<p><strong>CLUBS DEPORTIVOS<\/strong><\/p>\n<p>[\/et_pb_text][\/et_pb_column][\/et_pb_row][et_pb_row use_custom_width=\u00bbon\u00bb custom_width_px=\u00bb1232px\u00bb _builder_version=\u00bb3.19.7&#8243; custom_padding=\u00bb0|0px|27px|0px|false|false\u00bb][et_pb_column type=\u00bb4_4&#8243; _builder_version=\u00bb3.19.7&#8243; parallax=\u00bboff\u00bb parallax_method=\u00bbon\u00bb][et_pb_text _builder_version=\u00bb3.19.7&#8243;]<\/p>\n<p>Nuestro sistema The-Color, satisface las necesidades de color de los decoradores m\u00e1s exigentes pues permite lograr m\u00e1s de 1,000 colores tanto en acabados mate, satinados o brillantes, y cada uno de ellos puede ser reproducido fielmente en todas nuestras tiendas en la Rep\u00fablica Mexicana.<\/p>\n<p>[\/et_pb_text][\/et_pb_column][\/et_pb_row][et_pb_row use_custom_width=\u00bbon\u00bb custom_width_px=\u00bb1232px\u00bb custom_padding=\u00bb0|0px|27px|0px|false|false\u00bb _builder_version=\u00bb3.19.7&#8243;][et_pb_column type=\u00bb3_5&#8243; _builder_version=\u00bb3.0.47&#8243; parallax=\u00bboff\u00bb parallax_method=\u00bbon\u00bb][et_pb_image src=\u00bbhttps:\/\/pinturasyrecubrimientos.com.mx\/es\/wp-content\/uploads\/2019\/03\/club-dep.jpg\u00bb _builder_version=\u00bb3.19.7&#8243;][\/et_pb_image][\/et_pb_column][et_pb_column type=\u00bb2_5&#8243; _builder_version=\u00bb3.0.47&#8243; parallax=\u00bboff\u00bb parallax_method=\u00bbon\u00bb][et_pb_text _builder_version=\u00bb3.19.7&#8243; text_font=\u00bb||||||||\u00bb text_font_size=\u00bb15px\u00bb]<\/p>\n<p style=\"text-align: justify;\">EXTERIORES:<br \/><span style=\"font-size: 15px;\">Se recomienda el sistema formado por el sellador <\/span><strong style=\"font-size: 15px;\">LOXON PRIMER Alta Resistencia<\/strong><span style=\"font-size: 15px;\"> y la pintura vinil acr\u00edlica <\/span><strong style=\"font-size: 15px;\">KEM TONE Acabado Perfecto.<br \/><\/strong><span style=\"font-size: 15px;\">-Disponible en m\u00e1s de 6,000 colores<br \/><\/span>-Acabado Mate y Sat\u00edn<br \/>-Para superficies de concreto<\/p>\n<p style=\"text-align: justify;\">INTERIORES:<\/p>\n<p style=\"text-align: justify;\"><span style=\"font-size: 15px;\">Se recomienda el sistema formado por el sellador <\/span><strong style=\"font-size: 15px;\">COLOR PRIME Incrementa el Poder Cubriente<\/strong><span style=\"font-size: 15px;\"> y la pintura vinil acr\u00edlica <\/span><strong style=\"font-size: 15px;\">KEM TONE Acabado Perfecto.<br \/><\/strong><span style=\"font-size: 15px;\">-Disponible en m\u00e1s de 6,000 colores<br \/><\/span>-Acabado Mate y Sat\u00edn<br \/><span style=\"font-size: 15px;\">-Para superficies de yeso<\/span><\/p>\n<p>[\/et_pb_text][\/et_pb_column][\/et_pb_row][\/et_pb_section][et_pb_section fb_built=\u00bb1&#8243; _builder_version=\u00bb3.19.7&#8243; custom_padding=\u00bb0|0px|54px|0px|false|false\u00bb][et_pb_row use_custom_width=\u00bbon\u00bb custom_width_px=\u00bb1232px\u00bb _builder_version=\u00bb3.19.7&#8243;][et_pb_column type=\u00bb1_4&#8243; _builder_version=\u00bb3.0.47&#8243; parallax=\u00bboff\u00bb parallax_method=\u00bbon\u00bb][et_pb_image src=\u00bbhttps:\/\/pinturasyrecubrimientos.com.mx\/es\/wp-content\/uploads\/2019\/02\/PINTURA-VINI\u0301LICA-ANTIBACTERIAL-bis.jpg\u00bb _builder_version=\u00bb3.19.7&#8243;][\/et_pb_image][\/et_pb_column][et_pb_column type=\u00bb1_4&#8243; _builder_version=\u00bb3.0.47&#8243; parallax=\u00bboff\u00bb parallax_method=\u00bbon\u00bb][et_pb_text _builder_version=\u00bb3.19.7&#8243;]<\/p>\n<p style=\"text-align: justify;\">Para restaurantes y gimnasios se recomienda el sistema formado por el sellador <strong>COLOR PRIME Incrementa el Poder Cubriente<\/strong> y <strong>PINTURA VIN\u00cdLICA ANTIBACTERIAL.<br \/><\/strong>-Disponible en tonos pastel<br \/>-Evita y previene la formaci\u00f3n de hongos, algas bacterias<\/p>\n<p>[\/et_pb_text][\/et_pb_column][et_pb_column type=\u00bb1_4&#8243; _builder_version=\u00bb3.0.47&#8243; parallax=\u00bboff\u00bb parallax_method=\u00bbon\u00bb][et_pb_image src=\u00bbhttps:\/\/pinturasyrecubrimientos.com.mx\/es\/wp-content\/uploads\/2019\/02\/ESMALTE-ACRI\u0301LICO-ANTIBACTERIAL-bis.jpg\u00bb _builder_version=\u00bb3.19.7&#8243;][\/et_pb_image][\/et_pb_column][et_pb_column type=\u00bb1_4&#8243; _builder_version=\u00bb3.0.47&#8243; parallax=\u00bboff\u00bb parallax_method=\u00bbon\u00bb][et_pb_text _builder_version=\u00bb3.19.7&#8243;]<\/p>\n<p style=\"text-align: justify;\">Para ba\u00f1os y cocinas recomendamos el sistema formado por <strong>COLOR PRIME Incrementa el Poder Cubriente<\/strong> y <strong>ESMALTE BASE AGUA ANTIBACTERIAL.<br \/><\/strong>-Disponible en tonos pastel<br \/>-Evita y previene la formaci\u00f3n de hongos, algas bacterias<br \/>-Secado r\u00e1pido<br \/>-Bajo olor<\/p>\n<p>[\/et_pb_text][\/et_pb_column][\/et_pb_row][et_pb_row use_custom_width=\u00bbon\u00bb custom_width_px=\u00bb1232px\u00bb _builder_version=\u00bb3.19.7&#8243;][et_pb_column type=\u00bb1_2&#8243; _builder_version=\u00bb3.0.47&#8243; parallax=\u00bboff\u00bb parallax_method=\u00bbon\u00bb][et_pb_image src=\u00bbhttps:\/\/pinturasyrecubrimientos.com.mx\/es\/wp-content\/uploads\/2019\/03\/club-dep2.jpg\u00bb _builder_version=\u00bb3.19.7&#8243;][\/et_pb_image][\/et_pb_column][et_pb_column type=\u00bb1_2&#8243; _builder_version=\u00bb3.0.47&#8243; parallax=\u00bboff\u00bb parallax_method=\u00bbon\u00bb][et_pb_text _builder_version=\u00bb3.19.7&#8243;]<\/p>\n<p>PISOS:<br \/><span style=\"font-size: 14px;\">Para las Pistas de atletismo y Guarniciones recomendamos la <\/span><strong style=\"font-size: 14px;\">PINTURA PARA PISOS DOM\u00c9STICOS<\/strong><span style=\"font-size: 14px;\">.<\/span><\/p>\n<p>-Antiderrapante<br \/>-F\u00e1cil de Aplicar<br \/>-Base Agua y de un solo componente<br \/>-Disponible en cinco colores: Gris Claro, Gris Oscuro, Amarillo, Negro y Rojo<\/p>\n<p>\u00a0ALBERCAS:<br \/>Contamos con la <strong>PINTURA PARA ALBERCA DE HULE CLORADO.<\/strong><\/p>\n<p>HIERRO Y ACERO:<br \/>Para mantener en buenas condiciones todas las superficies de hierro y acero, Sherwim Williams cuenta con una l\u00ednea de productos para MANTENIMIENTO INDUSTRIAL LIGERO.<br \/>-Para superficies previamente pintadas: <strong>ULTRA PREMIER Primario Alquid\u00e1lico \u2013 METALEX Esmalte de Secado R\u00e1pido<br \/><\/strong>-Para superficies nuevas: <strong>ACRI PRIMER \u2013 KEM FAST DRY<\/strong> Sistema 100% acr\u00edlico, otorga la m\u00e1xima protecci\u00f3n anticorrosiva.<\/p>\n<p>[\/et_pb_text][\/et_pb_column][\/et_pb_row][\/et_pb_section]<\/p>\n","protected":false},"excerpt":{"rendered":"<p>[et_pb_section fb_built=\u00bb1&#8243; fullwidth=\u00bbon\u00bb _builder_version=\u00bb3.18.2&#8243; custom_padding=\u00bb0px|0px|1px|0px|false|false\u00bb][et_pb_fullwidth_slider _builder_version=\u00bb3.18.2&#8243; auto=\u00bbon\u00bb auto_ignore_hover=\u00bbon\u00bb][et_pb_slide heading=\u00bbEspecialistas en pinturas\u00bb _builder_version=\u00bb3.18.2&#8243; background_color=\u00bb#ffffff\u00bb background_image=\u00bbhttps:\/\/pinturasyrecubrimientos.com.mx\/es\/wp-content\/uploads\/2019\/01\/baner-pyrsa4.jpg\u00bb background_position=\u00bbtop_center\u00bb][\/et_pb_slide][et_pb_slide heading=\u00bbSurtimos a toda la rep\u00fablica\u00bb _builder_version=\u00bb3.18.2&#8243; background_color=\u00bb#ffffff\u00bb background_image=\u00bbhttps:\/\/pinturasyrecubrimientos.com.mx\/es\/wp-content\/uploads\/2019\/01\/baner-pyrsa2.jpg\u00bb][\/et_pb_slide][\/et_pb_fullwidth_slider][\/et_pb_section][et_pb_section fb_built=\u00bb1&#8243; _builder_version=\u00bb3.18.2&#8243; background_color=\u00bb#e02b20&#8243; custom_padding=\u00bb5px|0px|3px|0px|false|false\u00bb][et_pb_row custom_padding=\u00bb6px|0px|4px|0px|false|false\u00bb _builder_version=\u00bb3.18.2&#8243;][et_pb_column type=\u00bb4_4&#8243; _builder_version=\u00bb3.0.47&#8243; parallax=\u00bboff\u00bb parallax_method=\u00bbon\u00bb][et_pb_text _builder_version=\u00bb3.18.2&#8243;] APLICACIONES: Mantenimiento de Propiedades [\/et_pb_text][\/et_pb_column][\/et_pb_row][\/et_pb_section][et_pb_section fb_built=\u00bb1&#8243; _builder_version=\u00bb3.18.2&#8243; custom_padding=\u00bb28px|0px|0|0px|false|false\u00bb][et_pb_row use_custom_width=\u00bbon\u00bb custom_width_px=\u00bb1232px\u00bb custom_padding=\u00bb0|0px|27px|0px|false|false\u00bb _builder_version=\u00bb3.19.7&#8243;][et_pb_column type=\u00bb4_4&#8243; _builder_version=\u00bb3.0.47&#8243; parallax=\u00bboff\u00bb parallax_method=\u00bbon\u00bb][et_pb_text _builder_version=\u00bb3.19.7&#8243; text_font=\u00bb||||||||\u00bb text_font_size=\u00bb23px\u00bb] CLUBS DEPORTIVOS [&hellip;]<\/p>\n","protected":false},"author":1,"featured_media":0,"parent":0,"menu_order":0,"comment_status":"closed","ping_status":"closed","template":"","meta":{"_et_pb_use_builder":"on","_et_pb_old_content":"","footnotes":""},"class_list":["post-2221","page","type-page","status-publish","hentry"],"_links":{"self":[{"href":"https:\/\/pinturasyrecubrimientos.com.mx\/es\/wp-json\/wp\/v2\/pages\/2221","targetHints":{"allow":["GET"]}}],"collection":[{"href":"https:\/\/pinturasyrecubrimientos.com.mx\/es\/wp-json\/wp\/v2\/pages"}],"about":[{"href":"https:\/\/pinturasyrecubrimientos.com.mx\/es\/wp-json\/wp\/v2\/types\/page"}],"author":[{"embeddable":true,"href":"https:\/\/pinturasyrecubrimientos.com.mx\/es\/wp-json\/wp\/v2\/users\/1"}],"replies":[{"embeddable":true,"href":"https:\/\/pinturasyrecubrimientos.com.mx\/es\/wp-json\/wp\/v2\/comments?post=2221"}],"version-history":[{"count":15,"href":"https:\/\/pinturasyrecubrimientos.com.mx\/es\/wp-json\/wp\/v2\/pages\/2221\/revisions"}],"predecessor-version":[{"id":2248,"href":"https:\/\/pinturasyrecubrimientos.com.mx\/es\/wp-json\/wp\/v2\/pages\/2221\/revisions\/2248"}],"wp:attachment":[{"href":"https:\/\/pinturasyrecubrimientos.com.mx\/es\/wp-json\/wp\/v2\/media?parent=2221"}],"curies":[{"name":"wp","href":"https:\/\/api.w.org\/{rel}","templated":true}]}}