{"id":2174,"date":"2019-03-05T19:33:17","date_gmt":"2019-03-05T19:33:17","guid":{"rendered":"https:\/\/pinturasyrecubrimientos.com.mx\/es\/?page_id=2174"},"modified":"2019-03-12T19:59:45","modified_gmt":"2019-03-12T19:59:45","slug":"gasolineras-y-tiendas-de-conveniencia","status":"publish","type":"page","link":"https:\/\/pinturasyrecubrimientos.com.mx\/es\/gasolineras-y-tiendas-de-conveniencia\/","title":{"rendered":"Gasolineras y Tiendas de Conveniencia"},"content":{"rendered":"<p>[et_pb_section fb_built=\u00bb1&#8243; fullwidth=\u00bbon\u00bb _builder_version=\u00bb3.18.2&#8243; custom_padding=\u00bb0px|0px|1px|0px|false|false\u00bb][et_pb_fullwidth_slider _builder_version=\u00bb3.18.2&#8243; auto=\u00bbon\u00bb auto_ignore_hover=\u00bbon\u00bb][et_pb_slide heading=\u00bbEspecialistas en pinturas\u00bb _builder_version=\u00bb3.18.2&#8243; background_color=\u00bb#ffffff\u00bb background_image=\u00bbhttps:\/\/pinturasyrecubrimientos.com.mx\/es\/wp-content\/uploads\/2019\/01\/baner-pyrsa4.jpg\u00bb background_position=\u00bbtop_center\u00bb][\/et_pb_slide][et_pb_slide heading=\u00bbSurtimos a toda la rep\u00fablica\u00bb _builder_version=\u00bb3.18.2&#8243; background_color=\u00bb#ffffff\u00bb background_image=\u00bbhttps:\/\/pinturasyrecubrimientos.com.mx\/es\/wp-content\/uploads\/2019\/01\/baner-pyrsa2.jpg\u00bb][\/et_pb_slide][\/et_pb_fullwidth_slider][\/et_pb_section][et_pb_section fb_built=\u00bb1&#8243; _builder_version=\u00bb3.18.2&#8243; background_color=\u00bb#e02b20&#8243; custom_padding=\u00bb5px|0px|3px|0px|false|false\u00bb][et_pb_row custom_padding=\u00bb6px|0px|4px|0px|false|false\u00bb _builder_version=\u00bb3.18.2&#8243;][et_pb_column type=\u00bb4_4&#8243; _builder_version=\u00bb3.0.47&#8243; parallax=\u00bboff\u00bb parallax_method=\u00bbon\u00bb][et_pb_text _builder_version=\u00bb3.18.2&#8243;]<\/p>\n<h4><span style=\"color: #ffffff;\"><strong>APLICACIONES: Mantenimiento de Propiedades<\/strong><\/span><\/h4>\n<p>[\/et_pb_text][\/et_pb_column][\/et_pb_row][\/et_pb_section][et_pb_section fb_built=\u00bb1&#8243; _builder_version=\u00bb3.18.2&#8243; custom_padding=\u00bb28px|0px|0|0px|false|false\u00bb][et_pb_row use_custom_width=\u00bbon\u00bb custom_width_px=\u00bb1232px\u00bb custom_padding=\u00bb0|0px|27px|0px|false|false\u00bb _builder_version=\u00bb3.19.7&#8243;][et_pb_column type=\u00bb4_4&#8243; _builder_version=\u00bb3.19.7&#8243; parallax=\u00bboff\u00bb parallax_method=\u00bbon\u00bb][et_pb_text _builder_version=\u00bb3.19.7&#8243; text_font=\u00bb||||||||\u00bb text_font_size=\u00bb23px\u00bb]<\/p>\n<p><strong>GASOLINERAS Y TIENDAS DE CONVENIENCIA<\/strong><\/p>\n<p>[\/et_pb_text][\/et_pb_column][\/et_pb_row][et_pb_row use_custom_width=\u00bbon\u00bb custom_width_px=\u00bb1232px\u00bb custom_padding=\u00bb0|0px|27px|0px|false|false\u00bb _builder_version=\u00bb3.19.7&#8243;][et_pb_column type=\u00bb3_5&#8243; _builder_version=\u00bb3.19.7&#8243; parallax=\u00bboff\u00bb parallax_method=\u00bbon\u00bb][et_pb_image src=\u00bbhttps:\/\/pinturasyrecubrimientos.com.mx\/es\/wp-content\/uploads\/2019\/03\/gasolinera1.jpg\u00bb _builder_version=\u00bb3.19.7&#8243;][\/et_pb_image][\/et_pb_column][et_pb_column type=\u00bb2_5&#8243; _builder_version=\u00bb3.19.7&#8243; parallax=\u00bboff\u00bb parallax_method=\u00bbon\u00bb][et_pb_text _builder_version=\u00bb3.19.7&#8243; text_font=\u00bb||||||||\u00bb text_font_size=\u00bb15px\u00bb]<\/p>\n<p style=\"text-align: justify;\">Alrededor de toda la Rep\u00fablica mexicana existen miles de estaciones de gasolina las cuales est\u00e1n conformadas por estacionamientos y tuber\u00edas. Mantener en \u00f3ptimo funcionamiento estos lugares se convierte en una de las prioridades de los administradores de las gasolineras. Estos profesionales procuran que no existan derrames de hidrocarburos que puedan contaminar el medio ambiente, as\u00ed como el perfecto se\u00f1alamiento de tuber\u00edas indicando la direcci\u00f3n y el tipo de fluido. Las l\u00edneas de tr\u00e1fico son de suma importancia las cuales deben estar bien marcadas para indicar la direcci\u00f3n que deben seguir los automovilistas.<\/p>\n<p>[\/et_pb_text][\/et_pb_column][\/et_pb_row][\/et_pb_section][et_pb_section fb_built=\u00bb1&#8243; _builder_version=\u00bb3.19.7&#8243; custom_padding=\u00bb0|0px|54px|0px|false|false\u00bb][et_pb_row use_custom_width=\u00bbon\u00bb custom_width_px=\u00bb1232px\u00bb _builder_version=\u00bb3.19.7&#8243;][et_pb_column type=\u00bb1_4&#8243; _builder_version=\u00bb3.19.7&#8243; parallax=\u00bboff\u00bb parallax_method=\u00bbon\u00bb][et_pb_image src=\u00bbhttps:\/\/pinturasyrecubrimientos.com.mx\/es\/wp-content\/uploads\/2019\/01\/pinturas-vinil-acrilica-KEM\u00adTONE-ACABADO-PERFECTO-BASE-PASTEL-SATIN-bis.jpg\u00bb _builder_version=\u00bb3.19.7&#8243;][\/et_pb_image][\/et_pb_column][et_pb_column type=\u00bb1_4&#8243; _builder_version=\u00bb3.19.7&#8243; parallax=\u00bboff\u00bb parallax_method=\u00bbon\u00bb][et_pb_text _builder_version=\u00bb3.19.7&#8243;]<\/p>\n<p style=\"text-align: justify;\">El sistema formado por el sellador<strong> EXTERIOR<\/strong> <strong>PRIME Incrementa el Poder Cubriente<\/strong> y la pintura <strong>KEM TONE Acabado Perfecto<\/strong>, es un sistema recomendado para ser aplicado sobre muros y pasillos expuestos tanto en interior como exterior.<\/p>\n<p>[\/et_pb_text][\/et_pb_column][et_pb_column type=\u00bb1_4&#8243; _builder_version=\u00bb3.19.7&#8243; parallax=\u00bboff\u00bb parallax_method=\u00bbon\u00bb][et_pb_image src=\u00bbhttps:\/\/pinturasyrecubrimientos.com.mx\/es\/wp-content\/uploads\/2019\/01\/pinturas-base-agua-SELLADOR_LOXON_PRIMER-tris.jpg\u00bb _builder_version=\u00bb3.19.7&#8243;][\/et_pb_image][\/et_pb_column][et_pb_column type=\u00bb1_4&#8243; _builder_version=\u00bb3.19.7&#8243; parallax=\u00bboff\u00bb parallax_method=\u00bbon\u00bb][et_pb_text _builder_version=\u00bb3.19.7&#8243;]<\/p>\n<p style=\"text-align: justify;\">Para evitar da\u00f1os ocasionados con grafitti contamos con el mejor sistema que es el sellador <strong>LOXON PRIMER Alta Resistencia<\/strong> y el <strong>ESMALTE PAB Ultra Lavable<\/strong>. En caso de que \u00a0la superficie se manche o se vea da\u00f1ada por el grafitti, solo bastara con lavarla usando el <strong>LIMPIADOR ANTIGRAFITTI <\/strong>DE SHERWIM WILLIAMS y volver\u00e1 a tener un acabado reluciente.<\/p>\n<p>[\/et_pb_text][\/et_pb_column][\/et_pb_row][et_pb_row use_custom_width=\u00bbon\u00bb custom_width_px=\u00bb1232px\u00bb _builder_version=\u00bb3.19.7&#8243;][et_pb_column type=\u00bb1_2&#8243; _builder_version=\u00bb3.19.7&#8243; parallax=\u00bboff\u00bb parallax_method=\u00bbon\u00bb][et_pb_image src=\u00bbhttps:\/\/pinturasyrecubrimientos.com.mx\/es\/wp-content\/uploads\/2019\/03\/gasolinera2.jpg\u00bb _builder_version=\u00bb3.19.7&#8243;][\/et_pb_image][\/et_pb_column][et_pb_column type=\u00bb1_2&#8243; _builder_version=\u00bb3.19.7&#8243; parallax=\u00bboff\u00bb parallax_method=\u00bbon\u00bb][et_pb_text _builder_version=\u00bb3.19.7&#8243;]<\/p>\n<p><strong>PHENICON HS<\/strong> es utilizado para cubrir el interior de los tanques de almacenamiento de petr\u00f3leo y sus derivados con el fin de evitar que esta tenga un contacto directo con el suelo, este material se puede aplicar a bajas temperaturas, adem\u00e1s de cumplir con las disposiciones de la SEMARNAT.<\/p>\n<p>Para cumplir satisfactoriamente con las especificaciones de la pintura de trafico de la Secretar\u00eda de Comunicaciones Y Transporte (SCT) el recubrimiento ideal es la <strong>PINTURA PARA TR\u00c1FICO DE HULE CLORADO<\/strong>. Esta pintura se puede utilizar para marcar las l\u00edneas de tr\u00e1fico sobre superficies de concreto y asfalto ya que presenta una excelente resistencia a la acci\u00f3n abrasiva del tr\u00e1fico intenso son deteriorarse ni decolorarse.<\/p>\n<p>[\/et_pb_text][\/et_pb_column][\/et_pb_row][\/et_pb_section]<\/p>\n","protected":false},"excerpt":{"rendered":"<p>[et_pb_section fb_built=\u00bb1&#8243; fullwidth=\u00bbon\u00bb _builder_version=\u00bb3.18.2&#8243; custom_padding=\u00bb0px|0px|1px|0px|false|false\u00bb][et_pb_fullwidth_slider _builder_version=\u00bb3.18.2&#8243; auto=\u00bbon\u00bb auto_ignore_hover=\u00bbon\u00bb][et_pb_slide heading=\u00bbEspecialistas en pinturas\u00bb _builder_version=\u00bb3.18.2&#8243; background_color=\u00bb#ffffff\u00bb background_image=\u00bbhttps:\/\/pinturasyrecubrimientos.com.mx\/es\/wp-content\/uploads\/2019\/01\/baner-pyrsa4.jpg\u00bb background_position=\u00bbtop_center\u00bb][\/et_pb_slide][et_pb_slide heading=\u00bbSurtimos a toda la rep\u00fablica\u00bb _builder_version=\u00bb3.18.2&#8243; background_color=\u00bb#ffffff\u00bb background_image=\u00bbhttps:\/\/pinturasyrecubrimientos.com.mx\/es\/wp-content\/uploads\/2019\/01\/baner-pyrsa2.jpg\u00bb][\/et_pb_slide][\/et_pb_fullwidth_slider][\/et_pb_section][et_pb_section fb_built=\u00bb1&#8243; _builder_version=\u00bb3.18.2&#8243; background_color=\u00bb#e02b20&#8243; custom_padding=\u00bb5px|0px|3px|0px|false|false\u00bb][et_pb_row custom_padding=\u00bb6px|0px|4px|0px|false|false\u00bb _builder_version=\u00bb3.18.2&#8243;][et_pb_column type=\u00bb4_4&#8243; _builder_version=\u00bb3.0.47&#8243; parallax=\u00bboff\u00bb parallax_method=\u00bbon\u00bb][et_pb_text _builder_version=\u00bb3.18.2&#8243;] APLICACIONES: Mantenimiento de Propiedades [\/et_pb_text][\/et_pb_column][\/et_pb_row][\/et_pb_section][et_pb_section fb_built=\u00bb1&#8243; _builder_version=\u00bb3.18.2&#8243; custom_padding=\u00bb28px|0px|0|0px|false|false\u00bb][et_pb_row use_custom_width=\u00bbon\u00bb custom_width_px=\u00bb1232px\u00bb custom_padding=\u00bb0|0px|27px|0px|false|false\u00bb _builder_version=\u00bb3.19.7&#8243;][et_pb_column type=\u00bb4_4&#8243; _builder_version=\u00bb3.19.7&#8243; parallax=\u00bboff\u00bb parallax_method=\u00bbon\u00bb][et_pb_text _builder_version=\u00bb3.19.7&#8243; text_font=\u00bb||||||||\u00bb text_font_size=\u00bb23px\u00bb] GASOLINERAS Y [&hellip;]<\/p>\n","protected":false},"author":1,"featured_media":0,"parent":0,"menu_order":0,"comment_status":"closed","ping_status":"closed","template":"","meta":{"_et_pb_use_builder":"on","_et_pb_old_content":"","footnotes":""},"class_list":["post-2174","page","type-page","status-publish","hentry"],"_links":{"self":[{"href":"https:\/\/pinturasyrecubrimientos.com.mx\/es\/wp-json\/wp\/v2\/pages\/2174","targetHints":{"allow":["GET"]}}],"collection":[{"href":"https:\/\/pinturasyrecubrimientos.com.mx\/es\/wp-json\/wp\/v2\/pages"}],"about":[{"href":"https:\/\/pinturasyrecubrimientos.com.mx\/es\/wp-json\/wp\/v2\/types\/page"}],"author":[{"embeddable":true,"href":"https:\/\/pinturasyrecubrimientos.com.mx\/es\/wp-json\/wp\/v2\/users\/1"}],"replies":[{"embeddable":true,"href":"https:\/\/pinturasyrecubrimientos.com.mx\/es\/wp-json\/wp\/v2\/comments?post=2174"}],"version-history":[{"count":22,"href":"https:\/\/pinturasyrecubrimientos.com.mx\/es\/wp-json\/wp\/v2\/pages\/2174\/revisions"}],"predecessor-version":[{"id":2220,"href":"https:\/\/pinturasyrecubrimientos.com.mx\/es\/wp-json\/wp\/v2\/pages\/2174\/revisions\/2220"}],"wp:attachment":[{"href":"https:\/\/pinturasyrecubrimientos.com.mx\/es\/wp-json\/wp\/v2\/media?parent=2174"}],"curies":[{"name":"wp","href":"https:\/\/api.w.org\/{rel}","templated":true}]}}