{"id":1694,"date":"2019-02-20T18:04:07","date_gmt":"2019-02-20T18:04:07","guid":{"rendered":"https:\/\/pinturasyrecubrimientos.com.mx\/es\/?page_id=1694"},"modified":"2019-02-21T21:26:05","modified_gmt":"2019-02-21T21:26:05","slug":"preparacion-de-la-superficie","status":"publish","type":"page","link":"https:\/\/pinturasyrecubrimientos.com.mx\/es\/maderas\/preparacion-de-la-superficie\/","title":{"rendered":"Preparaci\u00f3n de la Superficie"},"content":{"rendered":"<p>[et_pb_section bb_built=\u00bb1&#8243; fullwidth=\u00bbon\u00bb _builder_version=\u00bb3.18.2&#8243; custom_padding=\u00bb0px|0px|0|0px|false|false\u00bb next_background_color=\u00bb#e02b20&#8243;][et_pb_fullwidth_slider _builder_version=\u00bb3.18.2&#8243; auto=\u00bbon\u00bb auto_ignore_hover=\u00bbon\u00bb][et_pb_slide heading=\u00bbEspecialistas en pinturas\u00bb _builder_version=\u00bb3.18.2&#8243; background_color=\u00bb#ffffff\u00bb background_image=\u00bbhttps:\/\/pinturasyrecubrimientos.com.mx\/es\/wp-content\/uploads\/2019\/01\/baner-pyrsa4.jpg\u00bb background_position=\u00bbtop_center\u00bb][\/et_pb_slide][et_pb_slide heading=\u00bbSurtimos a toda la rep\u00fablica\u00bb _builder_version=\u00bb3.18.2&#8243; background_color=\u00bb#ffffff\u00bb background_image=\u00bbhttps:\/\/pinturasyrecubrimientos.com.mx\/es\/wp-content\/uploads\/2019\/01\/baner-pyrsa2.jpg\u00bb][\/et_pb_slide][\/et_pb_fullwidth_slider][\/et_pb_section][et_pb_section bb_built=\u00bb1&#8243; _builder_version=\u00bb3.18.2&#8243; background_color=\u00bb#e02b20&#8243; custom_padding=\u00bb5px|0px|3px|0px|false|false\u00bb prev_background_color=\u00bb#ffffff\u00bb next_background_color=\u00bb#ffffff\u00bb][et_pb_row custom_padding=\u00bb6px|0px|4px|0px|false|false\u00bb _builder_version=\u00bb3.18.2&#8243;][et_pb_column type=\u00bb4_4&#8243;][et_pb_text _builder_version=\u00bb3.18.2&#8243;]<\/p>\n<h4><span color=\"#ffffff\" style=\"color: #ffffff;\"><b>Pasos Para la Preparaci\u00f3n de la Superficie<\/b><\/span><\/h4>\n<p>[\/et_pb_text][\/et_pb_column][\/et_pb_row][\/et_pb_section][et_pb_section bb_built=\u00bb1&#8243; _builder_version=\u00bb3.18.2&#8243; custom_padding=\u00bb28px|0px|0|0px|false|false\u00bb prev_background_color=\u00bb#e02b20&#8243;][et_pb_row custom_padding=\u00bb27px|0px|0|0px|false|false\u00bb _builder_version=\u00bb3.19.7&#8243; animation_style=\u00bbfade\u00bb][et_pb_column type=\u00bb1_3&#8243;][et_pb_image src=\u00bbhttps:\/\/pinturasyrecubrimientos.com.mx\/es\/wp-content\/uploads\/2019\/02\/imagen-paso-1.jpg\u00bb _builder_version=\u00bb3.19.7&#8243; custom_margin=\u00bb60px||\u00bb \/][\/et_pb_column][et_pb_column type=\u00bb1_3&#8243;][et_pb_text _builder_version=\u00bb3.19.7&#8243; header_font=\u00bb||||||||\u00bb header_font_size=\u00bb45px\u00bb]<\/p>\n<h1><strong>Paso 1<\/strong><\/h1>\n<h3><strong>PREPARACI\u00d3N DE SUPERFICIE<\/strong><\/h3>\n<p>1. Se lija la madera con una lija de grado medio #120 en direcci\u00f3n de la veta. Quitar el polvo del lijado.<\/p>\n<p>2. Incorpore el contenido antes de usar, con una palita de madera en forma de 8. No agitar ya que se crean burbujas de aire.<\/p>\n<p>3. Pre-Stain se aplica antes de la tinta, haciendo que la superficie quede lista para una absorci\u00f3n uniforme de la tinta.<\/p>\n<p>4. Aplicar en el sentido de la veta con brocha de pelo de camello.<\/p>\n<p>5. Dejar penetrar de 5 a 15 minutos. Retirar el exceso con un pa\u00f1o, en caso de aplicar con brocha.<\/p>\n<p>[\/et_pb_text][\/et_pb_column][et_pb_column type=\u00bb1_3&#8243;][et_pb_text _builder_version=\u00bb3.19.7&#8243; custom_margin=\u00bb10px||\u00bb]<\/p>\n<h3><strong>Productos recomendados<\/strong><\/h3>\n<p>[\/et_pb_text][et_pb_image src=\u00bbhttps:\/\/pinturasyrecubrimientos.com.mx\/es\/wp-content\/uploads\/2019\/02\/PR-paso-1.jpg\u00bb _builder_version=\u00bb3.19.7&#8243; custom_margin=\u00bb-20px||\u00bb \/][\/et_pb_column][\/et_pb_row][et_pb_row custom_padding=\u00bb27px|0px|0|0px|false|false\u00bb _builder_version=\u00bb3.19.7&#8243; animation_style=\u00bbfade\u00bb][et_pb_column type=\u00bb1_3&#8243;][et_pb_image src=\u00bbhttps:\/\/pinturasyrecubrimientos.com.mx\/es\/wp-content\/uploads\/2019\/02\/imagen-paso-2.jpg\u00bb _builder_version=\u00bb3.19.7&#8243; custom_margin=\u00bb60px||\u00bb \/][\/et_pb_column][et_pb_column type=\u00bb1_3&#8243;][et_pb_text _builder_version=\u00bb3.19.7&#8243; header_font=\u00bb||||||||\u00bb header_font_size=\u00bb45px\u00bb]<\/p>\n<h1><strong>Paso 2<\/strong><\/h1>\n<h3><strong>ENTINTADO<\/strong><\/h3>\n<p>1. Incorpore el contenido a fondo antes y durante su uso.<\/p>\n<p>2. Aplique el tinte en un \u00e1rea oculta para verificar el color deseado.<\/p>\n<p>3. Cuando se trabaja con m\u00e1s de una lata, se recomienda mezclar el contenido de las latas para asegurar la connsistencia del color.<\/p>\n<p>4. Aplique la tinta con brocha de camello. Aplicar en el sentido de la veta. Permita que la mancha penetre de 5 a 15 minutos.<\/p>\n<p>5. Mientras que la mancha esta todav\u00eda h\u00fameda retire el exceso con un pa\u00f1o limpio ligeramente humedecido con la mancha. Pase el pa\u00f1o en direcci\u00f3n de la veta.<\/p>\n<p>6. Para aumentar la intensidad del color aplique una segunda capa desp\u00faes de 8 horas, repitiendo las instrucciones para la aplicaci\u00f3n de la primera mano.<\/p>\n<p>[\/et_pb_text][\/et_pb_column][et_pb_column type=\u00bb1_3&#8243;][et_pb_text _builder_version=\u00bb3.19.7&#8243; custom_margin=\u00bb10px||\u00bb]<\/p>\n<h3><strong>Productos recomendados<\/strong><\/h3>\n<p>[\/et_pb_text][et_pb_image src=\u00bbhttps:\/\/pinturasyrecubrimientos.com.mx\/es\/wp-content\/uploads\/2019\/02\/PR-paso-2.jpg\u00bb _builder_version=\u00bb3.19.7&#8243; custom_margin=\u00bb-20px||\u00bb \/][\/et_pb_column][\/et_pb_row][et_pb_row custom_padding=\u00bb27px|0px|34px|0px|false|false\u00bb _builder_version=\u00bb3.19.7&#8243; animation_style=\u00bbfade\u00bb][et_pb_column type=\u00bb1_3&#8243;][et_pb_image src=\u00bbhttps:\/\/pinturasyrecubrimientos.com.mx\/es\/wp-content\/uploads\/2019\/02\/imagen-paso-3.jpg\u00bb _builder_version=\u00bb3.19.7&#8243; custom_margin=\u00bb60px||\u00bb \/][\/et_pb_column][et_pb_column type=\u00bb1_3&#8243;][et_pb_text _builder_version=\u00bb3.19.7&#8243; header_font=\u00bb||||||||\u00bb header_font_size=\u00bb45px\u00bb]<\/p>\n<h1><strong>Paso 3<\/strong><\/h1>\n<h3><strong>PREPARACI\u00d3N DE SUPERFICIE<\/strong><\/h3>\n<p>1. La superficie debe estar seca y libre de polvo. Esperar la aplicaci\u00f3n del Barniz de 4 a 6 horas de haber aplicado la tinta.<\/p>\n<p>2. Incorpore bien en forma de 8 con una palita libre de polvo.*<\/p>\n<p>3. Lijar la superficie antes de aplicar y retire el polvo.<\/p>\n<p>4. Aplique una capa delgada en un solo sentido. Dejar secar por lo menos 8 horas entre mano y mano.<\/p>\n<p>*Helmsman es un producto que no se debe agitar<\/p>\n<p>[\/et_pb_text][\/et_pb_column][et_pb_column type=\u00bb1_3&#8243;][et_pb_text _builder_version=\u00bb3.19.7&#8243; custom_margin=\u00bb10px||\u00bb]<\/p>\n<h3><strong>Productos recomendados<\/strong><\/h3>\n<p>[\/et_pb_text][et_pb_image src=\u00bbhttps:\/\/pinturasyrecubrimientos.com.mx\/es\/wp-content\/uploads\/2019\/02\/PR-paso-3.jpg\u00bb _builder_version=\u00bb3.19.7&#8243; custom_margin=\u00bb-20px||\u00bb \/][\/et_pb_column][\/et_pb_row][et_pb_row _builder_version=\u00bb3.19.7&#8243; animation_style=\u00bbfade\u00bb animation_direction=\u00bbleft\u00bb][et_pb_column type=\u00bb1_3&#8243;][et_pb_image src=\u00bbhttps:\/\/pinturasyrecubrimientos.com.mx\/es\/wp-content\/uploads\/2019\/02\/imagen-paso-2-en-1.jpg\u00bb _builder_version=\u00bb3.19.7&#8243; custom_margin=\u00bb60px||\u00bb \/][\/et_pb_column][et_pb_column type=\u00bb1_3&#8243;][et_pb_text _builder_version=\u00bb3.19.7&#8243; header_font=\u00bb||||||||\u00bb header_font_size=\u00bb45px\u00bb]<\/p>\n<h1 style=\"text-align: center;\"><strong>Tinte y Barniz 2 en 1<\/strong><\/h1>\n<h3><strong>SIGA LOS PASOS PARA LA PREPARACI\u00d3N DE LA SUPERFICIE ANTES MENCIONADOS<\/strong><\/h3>\n<p>1. La superficie debe estar seca y libre de polvo. Esperar la aplicaci\u00f3n del Barniz de 2 horas desp\u00faes de haber aplicado el acondicionador.<\/p>\n<p>2. Incorpore el material de forma adecuada.<\/p>\n<p>3. Lijar la superficie antes de aplicar y retire el polvo.<\/p>\n<p>4. Aplique una capa delgada en un solo sentido. Dejar secar por lo menos 8 horas entre mano y mano.<\/p>\n<p>5. Desp\u00faes de la \u00f9ltima capa, espere 3 horas para su uso normal.<\/p>\n<p>[\/et_pb_text][\/et_pb_column][et_pb_column type=\u00bb1_3&#8243;][et_pb_text _builder_version=\u00bb3.19.7&#8243; custom_margin=\u00bb10px||\u00bb]<\/p>\n<h3><strong>Productos recomendados<\/strong><\/h3>\n<p>[\/et_pb_text][et_pb_image src=\u00bbhttps:\/\/pinturasyrecubrimientos.com.mx\/es\/wp-content\/uploads\/2019\/02\/PR-paso-2-en-1.jpg\u00bb _builder_version=\u00bb3.19.7&#8243; custom_margin=\u00bb-20px||\u00bb \/][\/et_pb_column][\/et_pb_row][\/et_pb_section]<\/p>\n","protected":false},"excerpt":{"rendered":"<p>[et_pb_section bb_built=\u00bb1&#8243; fullwidth=\u00bbon\u00bb _builder_version=\u00bb3.18.2&#8243; custom_padding=\u00bb0px|0px|0|0px|false|false\u00bb next_background_color=\u00bb#e02b20&#8243;][et_pb_fullwidth_slider _builder_version=\u00bb3.18.2&#8243; auto=\u00bbon\u00bb auto_ignore_hover=\u00bbon\u00bb][et_pb_slide heading=\u00bbEspecialistas en pinturas\u00bb _builder_version=\u00bb3.18.2&#8243; background_color=\u00bb#ffffff\u00bb background_image=\u00bbhttps:\/\/pinturasyrecubrimientos.com.mx\/es\/wp-content\/uploads\/2019\/01\/baner-pyrsa4.jpg\u00bb background_position=\u00bbtop_center\u00bb][\/et_pb_slide][et_pb_slide heading=\u00bbSurtimos a toda la rep\u00fablica\u00bb _builder_version=\u00bb3.18.2&#8243; background_color=\u00bb#ffffff\u00bb background_image=\u00bbhttps:\/\/pinturasyrecubrimientos.com.mx\/es\/wp-content\/uploads\/2019\/01\/baner-pyrsa2.jpg\u00bb][\/et_pb_slide][\/et_pb_fullwidth_slider][\/et_pb_section][et_pb_section bb_built=\u00bb1&#8243; _builder_version=\u00bb3.18.2&#8243; background_color=\u00bb#e02b20&#8243; custom_padding=\u00bb5px|0px|3px|0px|false|false\u00bb prev_background_color=\u00bb#ffffff\u00bb next_background_color=\u00bb#ffffff\u00bb][et_pb_row custom_padding=\u00bb6px|0px|4px|0px|false|false\u00bb _builder_version=\u00bb3.18.2&#8243;][et_pb_column type=\u00bb4_4&#8243;][et_pb_text _builder_version=\u00bb3.18.2&#8243;] Pasos Para la Preparaci\u00f3n de la Superficie [\/et_pb_text][\/et_pb_column][\/et_pb_row][\/et_pb_section][et_pb_section bb_built=\u00bb1&#8243; _builder_version=\u00bb3.18.2&#8243; custom_padding=\u00bb28px|0px|0|0px|false|false\u00bb prev_background_color=\u00bb#e02b20&#8243;][et_pb_row custom_padding=\u00bb27px|0px|0|0px|false|false\u00bb _builder_version=\u00bb3.19.7&#8243; animation_style=\u00bbfade\u00bb][et_pb_column type=\u00bb1_3&#8243;][et_pb_image src=\u00bbhttps:\/\/pinturasyrecubrimientos.com.mx\/es\/wp-content\/uploads\/2019\/02\/imagen-paso-1.jpg\u00bb _builder_version=\u00bb3.19.7&#8243; custom_margin=\u00bb60px||\u00bb \/][\/et_pb_column][et_pb_column type=\u00bb1_3&#8243;][et_pb_text [&hellip;]<\/p>\n","protected":false},"author":1,"featured_media":0,"parent":1454,"menu_order":0,"comment_status":"closed","ping_status":"closed","template":"","meta":{"_et_pb_use_builder":"on","_et_pb_old_content":"","footnotes":""},"class_list":["post-1694","page","type-page","status-publish","hentry"],"_links":{"self":[{"href":"https:\/\/pinturasyrecubrimientos.com.mx\/es\/wp-json\/wp\/v2\/pages\/1694","targetHints":{"allow":["GET"]}}],"collection":[{"href":"https:\/\/pinturasyrecubrimientos.com.mx\/es\/wp-json\/wp\/v2\/pages"}],"about":[{"href":"https:\/\/pinturasyrecubrimientos.com.mx\/es\/wp-json\/wp\/v2\/types\/page"}],"author":[{"embeddable":true,"href":"https:\/\/pinturasyrecubrimientos.com.mx\/es\/wp-json\/wp\/v2\/users\/1"}],"replies":[{"embeddable":true,"href":"https:\/\/pinturasyrecubrimientos.com.mx\/es\/wp-json\/wp\/v2\/comments?post=1694"}],"version-history":[{"count":38,"href":"https:\/\/pinturasyrecubrimientos.com.mx\/es\/wp-json\/wp\/v2\/pages\/1694\/revisions"}],"predecessor-version":[{"id":1785,"href":"https:\/\/pinturasyrecubrimientos.com.mx\/es\/wp-json\/wp\/v2\/pages\/1694\/revisions\/1785"}],"up":[{"embeddable":true,"href":"https:\/\/pinturasyrecubrimientos.com.mx\/es\/wp-json\/wp\/v2\/pages\/1454"}],"wp:attachment":[{"href":"https:\/\/pinturasyrecubrimientos.com.mx\/es\/wp-json\/wp\/v2\/media?parent=1694"}],"curies":[{"name":"wp","href":"https:\/\/api.w.org\/{rel}","templated":true}]}}